{"id":2586,"date":"2021-09-21T19:29:20","date_gmt":"2021-09-21T19:29:20","guid":{"rendered":"https:\/\/duradesign.nl\/?page_id=2586"},"modified":"2022-10-12T14:05:25","modified_gmt":"2022-10-12T12:05:25","slug":"slimme-extras","status":"publish","type":"page","link":"https:\/\/energyarchitects.nl\/en\/slimme-extras\/","title":{"rendered":"Slimme extra&#8217;s"},"content":{"rendered":"<div data-elementor-type=\"wp-page\" data-elementor-id=\"2586\" class=\"elementor elementor-2586\">\n\t\t\t\t\t\t<section class=\"elementor-section elementor-top-section elementor-element elementor-element-afc9158 elementor-section-height-min-height elementor-section-boxed elementor-section-height-default elementor-section-items-middle\" data-id=\"afc9158\" data-element_type=\"section\" data-e-type=\"section\" data-settings=\"{&quot;background_background&quot;:&quot;classic&quot;}\">\n\t\t\t\t\t\t\t<div class=\"elementor-background-overlay\"><\/div>\n\t\t\t\t\t\t\t<div class=\"elementor-container elementor-column-gap-default\">\n\t\t\t\t\t<div class=\"elementor-column elementor-col-100 elementor-top-column elementor-element elementor-element-23262d0\" data-id=\"23262d0\" data-element_type=\"column\" data-e-type=\"column\" data-settings=\"{&quot;background_background&quot;:&quot;classic&quot;}\">\n\t\t\t<div class=\"elementor-widget-wrap elementor-element-populated\">\n\t\t\t\t\t\t<div class=\"elementor-element elementor-element-78b17de animated-slow elementor-view-default elementor-invisible elementor-widget elementor-widget-icon\" data-id=\"78b17de\" data-element_type=\"widget\" data-e-type=\"widget\" data-settings=\"{&quot;_animation&quot;:&quot;fadeIn&quot;}\" data-widget_type=\"icon.default\">\n\t\t\t\t<div class=\"elementor-widget-container\">\n\t\t\t\t\t\t\t<div class=\"elementor-icon-wrapper\">\n\t\t\t<div class=\"elementor-icon\">\n\t\t\t\t\t\t<\/div>\n\t\t<\/div>\n\t\t\t\t\t\t<\/div>\n\t\t\t\t<\/div>\n\t\t\t\t<div class=\"elementor-element elementor-element-06ea0cb animated-slow elementor-invisible elementor-widget elementor-widget-heading\" data-id=\"06ea0cb\" data-element_type=\"widget\" data-e-type=\"widget\" data-settings=\"{&quot;_animation&quot;:&quot;fadeIn&quot;,&quot;_animation_delay&quot;:500}\" data-widget_type=\"heading.default\">\n\t\t\t\t<div class=\"elementor-widget-container\">\n\t\t\t\t\t<h2 class=\"elementor-heading-title elementor-size-default\">Slimme extra's<\/h2>\t\t\t\t<\/div>\n\t\t\t\t<\/div>\n\t\t\t\t<div class=\"elementor-element elementor-element-0d3522e elementor-invisible elementor-widget elementor-widget-heading\" data-id=\"0d3522e\" data-element_type=\"widget\" data-e-type=\"widget\" data-settings=\"{&quot;_animation&quot;:&quot;fadeIn&quot;,&quot;_animation_delay&quot;:1000}\" data-widget_type=\"heading.default\">\n\t\t\t\t<div class=\"elementor-widget-container\">\n\t\t\t\t\t<h2 class=\"elementor-heading-title elementor-size-default\">Zorgeloos naar een slimme en duurzame woning, wij ontzorgen je op alle vlakken.<\/h2>\t\t\t\t<\/div>\n\t\t\t\t<\/div>\n\t\t\t\t\t<\/div>\n\t\t<\/div>\n\t\t\t\t\t<\/div>\n\t\t<\/section>\n\t\t\t\t<section class=\"elementor-section elementor-top-section elementor-element elementor-element-5710ad7 elementor-section-boxed elementor-section-height-default elementor-section-height-default\" data-id=\"5710ad7\" data-element_type=\"section\" data-e-type=\"section\">\n\t\t\t\t\t\t<div class=\"elementor-container elementor-column-gap-default\">\n\t\t\t\t\t<div class=\"elementor-column elementor-col-100 elementor-top-column elementor-element elementor-element-a80512f\" data-id=\"a80512f\" data-element_type=\"column\" data-e-type=\"column\">\n\t\t\t<div class=\"elementor-widget-wrap elementor-element-populated\">\n\t\t\t\t\t\t<div class=\"elementor-element elementor-element-130a029 elementor-widget elementor-widget-text-editor\" data-id=\"130a029\" data-element_type=\"widget\" data-e-type=\"widget\" data-widget_type=\"text-editor.default\">\n\t\t\t\t<div class=\"elementor-widget-container\">\n\t\t\t\t\t\t\t\t\t<p class=\"p1\">Wij geloven dat de woning een sleutelrol speelt in het levensgeluk van mensen. Hierbij spelen naast duurzaamheid, de sfeer, het comfort en de veiligheid in de woning een belangrijke rol. We ontzorgen hierin door een overzichtelijke selectie van smart home oplossingen die altijd bijdragen aan de effici\u00ebntie en het comfort in de woning:<\/p>\n<p class=\"p1\">\n<\/p><p class=\"p1\">\n<\/p>\t\t\t\t\t\t\t\t<\/div>\n\t\t\t\t<\/div>\n\t\t\t\t<div class=\"elementor-element elementor-element-3a3e987 elementor-position-top elementor-widget elementor-widget-image-box\" data-id=\"3a3e987\" data-element_type=\"widget\" data-e-type=\"widget\" data-widget_type=\"image-box.default\">\n\t\t\t\t<div class=\"elementor-widget-container\">\n\t\t\t\t\t<div class=\"elementor-image-box-wrapper\"><figure class=\"elementor-image-box-img\"><img fetchpriority=\"high\" decoding=\"async\" width=\"453\" height=\"453\" src=\"https:\/\/energyarchitects.nl\/wp-content\/uploads\/2021\/10\/philips-hue-light.webp\" class=\"attachment-full size-full wp-image-3019\" alt=\"Philips Hue Lights\" srcset=\"https:\/\/energyarchitects.nl\/wp-content\/uploads\/2021\/10\/philips-hue-light.webp 453w, https:\/\/energyarchitects.nl\/wp-content\/uploads\/2021\/10\/philips-hue-light-300x300.webp 300w, https:\/\/energyarchitects.nl\/wp-content\/uploads\/2021\/10\/philips-hue-light-150x150.webp 150w, https:\/\/energyarchitects.nl\/wp-content\/uploads\/2021\/10\/philips-hue-light-12x12.webp 12w\" sizes=\"(max-width: 453px) 100vw, 453px\" \/><\/figure><div class=\"elementor-image-box-content\"><h3 class=\"elementor-image-box-title\">Smart Design<\/h3><p class=\"elementor-image-box-description\"><span style=\"font-weight: 700;text-align: left;white-space: normal\">Altijd de juiste sfeer:<\/span><span style=\"text-align: left;white-space: normal\">&nbsp;De hoeveelheid licht in huis en het gebruik van veel natuurlijke (duurzame) materialen zijn van invloed op hoe lekker we in ons vel zitten. Met onze&nbsp;<\/span><span style=\"font-weight: bolder;text-align: left;white-space: normal\">slimme verlichting<\/span><span style=\"text-align: left;white-space: normal\">&nbsp;cre\u00ebren we samen d\u00e9 sfeer die je voor ogen hebt in en rondom de woning. Traditionele verlichting vervangen voor LED is natuurlijk goed voor het milieu \u00e9n de portemonnee. Maar licht heeft meer invloed dan je denkt. \u2018S ochtends de krant lezen, \u2018s avonds gezellig eten vraagt om verschillende type licht. Naast het vervangen van verlichting naar LED biedt dit ook mogelijkheden om een stap verder te gaan. Met slimme LED verlichting cre\u00eber je met \u00e9\u00e9n druk op de knop de juiste sfeer in je keuken of woonkamer op elk gewenst moment.<\/span><\/p><\/div><\/div>\t\t\t\t<\/div>\n\t\t\t\t<\/div>\n\t\t\t\t<div class=\"elementor-element elementor-element-86f4c42 elementor-position-top elementor-widget elementor-widget-image-box\" data-id=\"86f4c42\" data-element_type=\"widget\" data-e-type=\"widget\" data-widget_type=\"image-box.default\">\n\t\t\t\t<div class=\"elementor-widget-container\">\n\t\t\t\t\t<div class=\"elementor-image-box-wrapper\"><figure class=\"elementor-image-box-img\"><img decoding=\"async\" width=\"486\" height=\"500\" src=\"https:\/\/energyarchitects.nl\/wp-content\/uploads\/2021\/10\/google-nest-1.jpeg\" class=\"attachment-full size-full wp-image-3017\" alt=\"Google Nest thermostat\" srcset=\"https:\/\/energyarchitects.nl\/wp-content\/uploads\/2021\/10\/google-nest-1.jpeg 486w, https:\/\/energyarchitects.nl\/wp-content\/uploads\/2021\/10\/google-nest-1-292x300.jpeg 292w, https:\/\/energyarchitects.nl\/wp-content\/uploads\/2021\/10\/google-nest-1-12x12.jpeg 12w\" sizes=\"(max-width: 486px) 100vw, 486px\" \/><\/figure><div class=\"elementor-image-box-content\"><h3 class=\"elementor-image-box-title\">Smart Energy<\/h3><p class=\"elementor-image-box-description\">Altijd de juiste temperatuur: Vanwege het hoge energiegebruik is het van belang inzicht te krijgen in de onderverdeling van de energierekening. Met behulp van een slimme thermostaat wordt het eenvoudig om dit in te zien. Met dit inzicht kun je zelf als bewoners invloed uitoefenen op de energierekening. Zo wordt je op een leuke manier baas over je eigen energiegebruik. Dit systeem is nog uit te breiden met zone-regeling. Hiermee kun je de temperatuur voor iedere ruimte zelf draadloos instellen. Zo verwarm je de keuken, de badkamer en de woonkamer altijd op de juiste temperatuur, op het juiste moment, in de juiste kamer.<\/p><\/div><\/div>\t\t\t\t<\/div>\n\t\t\t\t<\/div>\n\t\t\t\t<div class=\"elementor-element elementor-element-5222340 elementor-position-top elementor-widget elementor-widget-image-box\" data-id=\"5222340\" data-element_type=\"widget\" data-e-type=\"widget\" data-widget_type=\"image-box.default\">\n\t\t\t\t<div class=\"elementor-widget-container\">\n\t\t\t\t\t<div class=\"elementor-image-box-wrapper\"><figure class=\"elementor-image-box-img\"><img decoding=\"async\" width=\"300\" height=\"245\" src=\"https:\/\/energyarchitects.nl\/wp-content\/uploads\/2021\/10\/google-nest-300x245.jpeg\" class=\"attachment-medium size-medium wp-image-2998\" alt=\"google nest\" srcset=\"https:\/\/energyarchitects.nl\/wp-content\/uploads\/2021\/10\/google-nest-300x245.jpeg 300w, https:\/\/energyarchitects.nl\/wp-content\/uploads\/2021\/10\/google-nest-768x628.jpeg 768w, https:\/\/energyarchitects.nl\/wp-content\/uploads\/2021\/10\/google-nest-15x12.jpeg 15w, https:\/\/energyarchitects.nl\/wp-content\/uploads\/2021\/10\/google-nest.jpeg 998w\" sizes=\"(max-width: 300px) 100vw, 300px\" \/><\/figure><div class=\"elementor-image-box-content\"><h3 class=\"elementor-image-box-title\">Smart Safety:<\/h3><p class=\"elementor-image-box-description\">Altijd een veilige woning: Wij bieden oplossingen die preventief werken en gevaar op tijd detecteren. Zo kun je zonder zorgen ontspannen en genieten. Denk hierbij aan toegangscontrole, dit kan bestaan uit een fingerprint scanner bij de voordeur, een intercom of een slim slot. Verder kunnen we deze onderdelen i.c.m. sensoren laten samenwerken met de verlichting. Kom je \u2018s avonds thuis en herkent de fingerprint scanner dat het donker is? Dan gaat automatisch overal de verlichting aan. Ongewenste bezoekers buiten houden? Wordt er beweging gedetecteerd gaan overal de lampen aan en krijg je een melding op je telefoon.<\/p><\/div><\/div>\t\t\t\t<\/div>\n\t\t\t\t<\/div>\n\t\t\t\t\t<\/div>\n\t\t<\/div>\n\t\t\t\t\t<\/div>\n\t\t<\/section>\n\t\t\t\t<section class=\"elementor-section elementor-top-section elementor-element elementor-element-ab05ad7 elementor-section-boxed elementor-section-height-default elementor-section-height-default\" data-id=\"ab05ad7\" data-element_type=\"section\" data-e-type=\"section\">\n\t\t\t\t\t\t<div class=\"elementor-container elementor-column-gap-default\">\n\t\t\t\t\t<div class=\"elementor-column elementor-col-100 elementor-top-column elementor-element elementor-element-0ea0967\" data-id=\"0ea0967\" data-element_type=\"column\" data-e-type=\"column\">\n\t\t\t<div class=\"elementor-widget-wrap elementor-element-populated\">\n\t\t\t\t\t\t<div class=\"elementor-element elementor-element-80cdf3b elementor-align-center animated-fast elementor-invisible elementor-widget elementor-widget-button\" data-id=\"80cdf3b\" data-element_type=\"widget\" data-e-type=\"widget\" data-settings=\"{&quot;_animation&quot;:&quot;fadeIn&quot;,&quot;_animation_delay&quot;:10}\" data-widget_type=\"button.default\">\n\t\t\t\t<div class=\"elementor-widget-container\">\n\t\t\t\t\t\t\t\t\t<div class=\"elementor-button-wrapper\">\n\t\t\t\t\t<a class=\"elementor-button elementor-button-link elementor-size-sm\" href=\"https:\/\/energyarchitects.typeform.com\/to\/qz5bS5Yg\" target=\"_blank\" rel=\"noopener\">\n\t\t\t\t\t\t<span class=\"elementor-button-content-wrapper\">\n\t\t\t\t\t\t\t\t\t<span class=\"elementor-button-text\">DOE DE BESPAAR CHECK<\/span>\n\t\t\t\t\t<\/span>\n\t\t\t\t\t<\/a>\n\t\t\t\t<\/div>\n\t\t\t\t\t\t\t\t<\/div>\n\t\t\t\t<\/div>\n\t\t\t\t\t<\/div>\n\t\t<\/div>\n\t\t\t\t\t<\/div>\n\t\t<\/section>\n\t\t\t\t<\/div>","protected":false},"excerpt":{"rendered":"<p>Slimme extra&#8217;s Zorgeloos naar een slimme en duurzame woning, wij ontzorgen je op alle vlakken. Wij geloven dat de woning een sleutelrol speelt in het levensgeluk van mensen. Hierbij spelen naast duurzaamheid, de sfeer, het comfort en de veiligheid in de woning een belangrijke rol. We ontzorgen hierin door een overzichtelijke selectie van smart home [&hellip;]<\/p>\n","protected":false},"author":4,"featured_media":0,"parent":0,"menu_order":0,"comment_status":"closed","ping_status":"closed","template":"elementor_header_footer","meta":{"footnotes":""},"class_list":["post-2586","page","type-page","status-publish","hentry"],"_links":{"self":[{"href":"https:\/\/energyarchitects.nl\/en\/wp-json\/wp\/v2\/pages\/2586","targetHints":{"allow":["GET"]}}],"collection":[{"href":"https:\/\/energyarchitects.nl\/en\/wp-json\/wp\/v2\/pages"}],"about":[{"href":"https:\/\/energyarchitects.nl\/en\/wp-json\/wp\/v2\/types\/page"}],"author":[{"embeddable":true,"href":"https:\/\/energyarchitects.nl\/en\/wp-json\/wp\/v2\/users\/4"}],"replies":[{"embeddable":true,"href":"https:\/\/energyarchitects.nl\/en\/wp-json\/wp\/v2\/comments?post=2586"}],"version-history":[{"count":4,"href":"https:\/\/energyarchitects.nl\/en\/wp-json\/wp\/v2\/pages\/2586\/revisions"}],"predecessor-version":[{"id":3774,"href":"https:\/\/energyarchitects.nl\/en\/wp-json\/wp\/v2\/pages\/2586\/revisions\/3774"}],"wp:attachment":[{"href":"https:\/\/energyarchitects.nl\/en\/wp-json\/wp\/v2\/media?parent=2586"}],"curies":[{"name":"wp","href":"https:\/\/api.w.org\/{rel}","templated":true}]}}